{"id":1290,"date":"2024-04-04T09:34:45","date_gmt":"2024-04-04T09:34:45","guid":{"rendered":"https:\/\/www.mcquadroconceria.it\/?page_id=1290"},"modified":"2024-05-02T10:25:22","modified_gmt":"2024-05-02T10:25:22","slug":"privacypolicy","status":"publish","type":"page","link":"https:\/\/www.mcquadroconceria.it\/it\/privacypolicy\/","title":{"rendered":"Privacy policy"},"content":{"rendered":"\t\t<div data-elementor-type=\"wp-page\" data-elementor-id=\"1290\" class=\"elementor elementor-1290\" data-elementor-post-type=\"page\">\n\t\t\t\t<div class=\"elementor-element elementor-element-6cd20ac e-flex e-con-boxed e-con e-parent\" data-id=\"6cd20ac\" data-element_type=\"container\">\n\t\t\t\t\t<div class=\"e-con-inner\">\n\t\t\t\t<div class=\"elementor-element elementor-element-27659c9 elementor-widget elementor-widget-spacer\" data-id=\"27659c9\" data-element_type=\"widget\" data-widget_type=\"spacer.default\">\n\t\t\t\t<div class=\"elementor-widget-container\">\n\t\t\t\t\t\t\t<div class=\"elementor-spacer\">\n\t\t\t<div class=\"elementor-spacer-inner\"><\/div>\n\t\t<\/div>\n\t\t\t\t\t\t<\/div>\n\t\t\t\t<\/div>\n\t\t\t\t\t<\/div>\n\t\t\t\t<\/div>\n\t\t<div class=\"elementor-element elementor-element-580dcd6 e-flex e-con-boxed e-con e-parent\" data-id=\"580dcd6\" data-element_type=\"container\">\n\t\t\t\t\t<div class=\"e-con-inner\">\n\t\t\t\t<div class=\"elementor-element elementor-element-4df9684 elementor-widget elementor-widget-heading\" data-id=\"4df9684\" data-element_type=\"widget\" data-widget_type=\"heading.default\">\n\t\t\t\t<div class=\"elementor-widget-container\">\n\t\t\t\t\t<h3 class=\"elementor-heading-title elementor-size-default\">Privacy policy<\/h3>\t\t\t\t<\/div>\n\t\t\t\t<\/div>\n\t\t\t\t\t<\/div>\n\t\t\t\t<\/div>\n\t\t<div class=\"elementor-element elementor-element-5834500 e-flex e-con-boxed e-con e-parent\" data-id=\"5834500\" data-element_type=\"container\">\n\t\t\t\t\t<div class=\"e-con-inner\">\n\t\t\t\t<div class=\"elementor-element elementor-element-d721533 elementor-widget elementor-widget-text-editor\" data-id=\"d721533\" data-element_type=\"widget\" data-widget_type=\"text-editor.default\">\n\t\t\t\t<div class=\"elementor-widget-container\">\n\t\t\t\t\t\t\t\t\t<p><\/p>\n<p>Benvenuto sul nostro sito web Mcquadroconceria.it (il Sito).<br \/>Per noi la tua privacy e la sicurezza dei tuoi dati personali sono molto importanti, per questo raccogliamo e gestiamo i tuoi dati personali con la massima attenzione e adottiamo misure specifiche per tenerli al sicuro.<br \/>Di seguito trovi la nostra \u201cPrivacy policy\u201d che contiene informazioni dettagliate in merito al trattamento dei dati personali e alle condizioni relative ai nostri servizi.<br \/><strong>1. Informazioni generali<br \/>Chi \u00e8 il Titolare del trattamento?<br \/><\/strong>Il Titolare del trattamento, cio\u00e8 il soggetto che decide come e perch\u00e9 trattare i tuoi dati personali, \u00e8:<br \/>Mc Quadro SRL<br \/>Localit\u00e0 Bussola<br \/>Zona industriale ASI <br \/>83029 Solofra (AV)<br \/>Partita IVA: IT02492600644<br \/>E-mail: info[at]mcquadroconceria.it<br \/>Telefono: <a href=\"tel:+39%200825%20581641\">+39 0825 581641<\/a><\/p>\n<p><\/p>\n<p><\/p>\n<p><\/p>\n<p><\/p>\n<p>Per contattare Mc Quadro S.R.L, puoi scrivere all\u2019indirizzo sopraindicato con oggetto \u201cprivacy\u201d o puoi chiamare il numero +39 0825 581641.<br \/>Mcquadroconceria.it \u00e8 un progetto di Mc Quadro S.R.L.<\/p>\n<p><\/p>\n<p><\/p>\n<p><strong>Chi \u00e8 il Responsabile del Trattamento?<br \/><\/strong>Il Responsabile del Trattamento, a cui \u00e8 possibile rivolgersi per esercitare i diritti di cui all\u2019Art. 12 del GDPR 2016\/679 e\/o per eventuali chiarimenti in materia di tutela dati personali, \u00e8 raggiungibile inviando un\u2019email all\u2019indirizzo info[at]mcquadroconceria.it.<br \/><strong>2. Quali dati personali raccogliamo?<\/strong><br \/>Le categorie di dati personali che Mcquadroconceria.it raccoglie e tratta quando navighi o ti registri su Mcquadroconceria.it sono le seguenti:<br \/>&#8211; i dati personali necessari per concludere e dare esecuzione alla tua richiesta su Mcquadroconceria.it, come nome e cognome, nome azienda e indirizzo e-mail;<br \/>&#8211; i dati personali che ci fornisci quando contatti i nostri uffici per fornirti l\u2019assistenza richiesta.<br \/>Raccogliamo informazioni sulla tua navigazione in forma anonima su Mcquadroconceria.it, come ad esempio le pagine che visiti e come interagisci con la singola pagina e salviamo queste informazioni sui nostri server.<br \/>Ti informiamo che Mcquadroconceria.it non tratta dati personali relativi ai minori d\u2019et\u00e0. Se accedi a Mcquadroconceria.it e utilizzi i servizi offerti da Mcquadroconceria.it dichiari di aver compiuto la maggiore et\u00e0.<\/p>\n<p><\/p>\n<p><strong>3. Come utilizziamo i dati personali raccolti?<br \/><\/strong>Mcquadroconceria.it raccoglie e tratta i tuoi dati personali per le seguenti finalit\u00e0:<br \/>&#8211; concludere e dare esecuzione alle richieste su prodotti e\/o servizi offerti su Mcquadroconceria.it;<br \/>&#8211; fornitura dei servizi proposti su Mcquadroconceria.it. A tal fine Mcquadroconceria.it ha la necessit\u00e0 di raccogliere, in relazione a ciascun servizio e alle sue caratteristiche, i dati personali necessari allo svolgimento del servizio da te richiesto;<br \/>&#8211; gestione delle richieste ai nostri uffici, i quali utilizzano i dati personali che fornisci per soddisfare le tue richieste di informazioni e di assistenza;<br \/>&#8211; invio del CV. Se ci invierai il tuo CV per essere considerato per una candidatura ad una posizione aperta, utilizzeremo le informazioni contenute nel tuo CV esclusivamente a tale scopo. Il tuo CV sar\u00e0 conservato per un periodo massimo di sei mesi, dopodich\u00e9 sar\u00e0 cancellato: se vorrai, potrai inviarci una nuova versione aggiornata;<br \/>&#8211; analisi e indagini statistiche. Impieghiamo alcune informazioni sul tuo utilizzo del Sito per svolgere analisi e indagini statistiche allo scopo di migliorare la nostra offerta e i nostri servizi;<br \/>&#8211; invio di comunicazioni commerciali e promozionali in seguito all\u2019acquisto di un nostro prodotto o servizio. Ti invieremo all\u2019indirizzo e-mail che ci hai fornito comunicazioni contenenti le nostre proposte commerciali su prodotti e servizi affini;<br \/>&#8211; utilizzo di recapiti telefonici da te forniti. Previo tuo espresso consenso, potremo utilizzare i recapiti che ci hai fornito per comunicazioni di natura commerciale sui nostri prodotti e servizi, al fine di aggiornarti sulle novit\u00e0, sui nuovi arrivi, sui prodotti in esclusiva, sulle offerte e sulle promozioni. Inoltre, sempre previo tuo consenso, potremo utilizzare i tuoi contatti nell\u2019ambito dello svolgimento di ricerche di mercato e indagini per la rilevazione della soddisfazione allo scopo di migliorare i nostri servizi e il rapporto con i nostri utenti. Queste comunicazioni avverranno esclusivamente con le modalit\u00e0 da te prescelte.<br \/>Nel caso non desiderassi ricevere ulteriori comunicazioni da Mcquadroconceria.it o volessi limitare le modalit\u00e0 con cui essere contattato, potrai interrompere in qualsiasi momento queste comunicazioni cliccando sull\u2019apposito link \u201cunsubscribe\u201d presente in calce a ciascuna comunicazione oppure contattando Mcquadroconceria.it chiamando il +39 0825 581641 o scrivendo all\u2019indirizzo <a href=\"mailto:info@revicontas.it\">info[at]mcquadroconceria.it<\/a> indicando come oggetto \u201cprivacy\u201d.<br \/>Ti informiamo che potresti ricevere ulteriori comunicazioni da parte nostra anche dopo l\u2019inoltro della tua richiesta di disiscrizione, in quanto alcuni invii potrebbero essere gi\u00e0 stati pianificati e i nostri sistemi potrebbero impiegare del tempo per eseguire la tua richiesta.<br \/>In relazione a tutte le attivit\u00e0 sopra indicate, tratteremo i tuoi dati personali prevalentemente attraverso strumenti informatici ed elettronici; gli strumenti di cui ci avvaliamo garantiscono elevati standard di sicurezza, nel pieno rispetto della normativa vigente in materia.<br \/>4<strong>. Base giuridica del trattamento<\/strong><br \/>Trattiamo i tuoi dati personali soltanto in presenza di almeno di una delle seguenti condizioni previste dalla normativa vigente:<br \/>a) per la conclusione ed esecuzione di un contratto di cui sei parte.<br \/>Quando trattiamo i tuoi dati per la conclusione del contratto di acquisto di cui sei parte abbiamo cura di utilizzare esclusivamente le informazioni minime necessarie per l\u2019esecuzione dello stesso.<\/p>\n<p><\/p>\n<p>Questa base legittima i trattamenti di dati personali che avvengono nelle seguenti attivit\u00e0:<br \/>&#8211; conclusione ed esecuzione di un contratto di acquisto dei prodotti e\/o servizi offerti da Mc Quadro S.R.L;<br \/>&#8211; fornitura di servizi offerti su Mcquadroconceria.it;<br \/>&#8211; gestione delle tue richieste da parte dei nostri uffici.<br \/>Il conferimento dei tuoi dati personali per tali attivit\u00e0 \u00e8 un obbligo contrattuale. Sei libero di comunicarci o meno i tuoi dati, ma in mancanza dei dati richiesti non ci sar\u00e0 possibile concludere o dare esecuzione al contratto e alle tue richieste. Questo significa che non potrai acquistare i prodotti e non potrai fruire dei servizi di Mcquadroconceria.it e che Mcquadroconceria.it non potr\u00e0 gestire le tue richieste.<br \/>b) per dare seguito ad un obbligo legale.<br \/>In caso di conclusione di un contratto di acquisto di beni e\/o servizi su Mcquadroconceria.it, il trattamento dei dati dell\u2019Utente avverr\u00e0 per dare corso agli obblighi legali a cui \u00e8 tenuto Mcquadroconceria.it, in conformit\u00e0 alle disposizioni fiscali e alle altre norme a cui \u00e8 soggetto Mcquadroconceria.it. Sei libero di decidere se concludere un contratto e se comunicarci o meno i tuoi dati, ma se lo concluderai i tuoi dati saranno necessari e saranno trattati per dare corso ai suddetti obblighi legali a cui \u00e8 tenuto Mcquadroconceria.it.<br \/>Il trattamento dei CV spontaneamente inviati, effettuato per valutare i candidati rispetto a una possibile posizione lavorativa presso Mcquadroconceria.it, \u00e8 legittimo in quanto espressamente autorizzato da una norma di legge, la quale specifica che in tal caso non occorre il consenso della persona cui si riferiscono i dati personali. Sei libero di comunicarci o meno il tuo CV, ma in mancanza non saremo in grado di valutare la tua candidatura per una posizione di lavoro presso Mcquadroconceria.it.<br \/>c) sulla base del tuo consenso.<br \/>Svolgeremo i seguenti trattamenti esclusivamente nel caso in cui tu ci abbia prestato il tuo consenso espresso:<br \/>\u2022 svolgimento di attivit\u00e0 di marketing e di sondaggi di opinione e ricerche di mercato.<br \/>Fornirci i tuoi dati personali per tali attivit\u00e0 \u00e8 assolutamente facoltativo. Sei libero di fornirci o meno i tuoi dati per tali finalit\u00e0, ma in loro mancanza non sar\u00e0 possibile per Mcquadroconceria.it svolgere le attivit\u00e0 di marketing e di sondaggi di opinione e ricerche di mercato e di analisi delle tue abitudini.<\/p>\n<p><\/p>\n<p>5<strong>. Chi tratter\u00e0 i tuoi dati?<\/strong><br \/>I tuoi dati personali saranno trattati dal personale interno di Mcquadroconceria.it specificamente istruito e autorizzato al trattamento.<br \/>I tuoi dati personali saranno inoltre trasmessi a soggetti terzi di cui ci avvaliamo per fornire i nostri servizi; tali soggetti sono stati adeguatamente selezionati e offrono idonea garanzia del rispetto delle norme in materia di trattamento di dati personali. Questi soggetti sono stati designati responsabili del trattamento e svolgono la loro attivit\u00e0 secondo le istruzioni impartite da Mcquadroconceria.it e sotto il suo controllo.<br \/>I soggetti terzi in questione appartengono alle seguenti categorie: operatori bancari, internet provider, societ\u00e0 specializzate in servizi informatici e telematici, corrieri, societ\u00e0 che svolgono attivit\u00e0 di marketing, societ\u00e0 specializzate in ricerche di mercato e nell&#8217;elaborazione dati.<br \/>I tuoi dati potranno essere trasmessi alle forze di polizia e alle autorit\u00e0 giudiziarie e amministrative, in conformit\u00e0 alla legge, per l\u2019accertamento e il perseguimento di reati, la prevenzione e la salvaguardia da minacce alla pubblica sicurezza, per consentire a Mcquadroconceria.it di accertare, esercitare o difendere un diritto in sede giudiziaria, nonch\u00e9 per altre ragioni connesse alla tutela dei diritti e delle libert\u00e0 altrui.<br \/>6<strong>. Trasferimento dei dati all\u2019estero<\/strong><br \/>La gestione e la conservazione dei dati personali avverr\u00e0 su server del Titolare e\/o di societ\u00e0 terze debitamente nominate quali Responsabili Esterni del trattamento ubicati all\u2019interno dell\u2019Unione Europea.<\/p>\n<p><\/p>\n<p>I dati personali potranno essere trasferiti all\u2019estero, in conformit\u00e0 a quanto previsto dalla normativa vigente, anche in Paesi non appartenenti all\u2019Unione Europea. Il trasferimento in Paesi Extra UE, oltre ai casi in cui questo \u00e8 garantito da Decisioni di Adeguatezza della Commissione, \u00e8 effettuato in modo da fornire garanzie appropriate e opportune ai sensi degli artt. 46, 47 e 49 del Regolamento.<\/p>\n<p><\/p>\n<p><strong>7<\/strong><strong>. Per quanto tempo conserviamo i dati?<\/strong><br \/>Conserviamo i tuoi dati personali per un periodo di tempo limitato, diverso a seconda del tipo di attivit\u00e0 che prevede il trattamento dei tuoi dati personali.<br \/>Scaduto questo periodo, i tuoi dati saranno definitivamente cancellati o comunque resi anonimi in via irreversibile.<br \/>I tuoi dati personali sono conservati nel rispetto dei termini e criteri di seguito specificati:<br \/>&#8211; i dati raccolti per concludere ed eseguire contratti per beni o servizi erogati da Mc Quadro S.R.L saranno conservati fino alla conclusione delle formalit\u00e0 amministrativo-contabili. I dati legati alla fatturazione saranno conservati per dieci anni dalla data di fatturazione;<br \/>&#8211; i dati raccolti nel contesto della fruizione di servizi offerti da Mc Quadro S.R.L verranno conservati fino alla cessazione del servizio o alla cancellazione tramite richiesta dell\u2019utente;<br \/>&#8211; i dati connessi a richieste degli utenti ai nostri uffici che saranno utili per assisterti saranno mantenuti fino al soddisfacimento della tua richiesta;<br \/>&#8211; i CV saranno custoditi per sei mesi dalla ricezione;<br \/>&#8211; i dati forniti per attivit\u00e0 di comunicazioni commerciali, sondaggi d\u2019opinione e ricerche di mercato verranno mantenuti fino alla richiesta da parte dell\u2019utente di interruzione dell\u2019attivit\u00e0 o comunque entro 2 anni dall\u2019ultima interazione di qualunque genere dell\u2019utente con Mcquadroconceria.it;<br \/>&#8211; i dati utilizzati per personalizzare il Sito e per mostrare offerte commerciali personalizzate verranno conservati fino a quando l\u2019utente non chieder\u00e0 la cessazione dell\u2019attivit\u00e0 o comunque entro due anni dall\u2019ultima interazione di qualunque genere dell\u2019utente con Mcquadroconceria.it;<br \/>&#8211; i dati utilizzati per lo svolgimento di ricerche di mercato e di indagini per la rilevazione della soddisfazione verranno custoditi fino a quando l\u2019Utente non chieder\u00e0 la cessazione dell\u2019attivit\u00e0.<br \/>In ogni caso, per ragioni tecniche, la cessazione del trattamento e la conseguente cancellazione definitiva o anonimizzazione in via irreversibile dei relativi dati personali sar\u00e0 definitiva entro trenta giorni dai termini sopra indicati.<br \/>8<strong>. I tuoi diritti<\/strong><br \/>In qualunque momento puoi esercitare i diritti con riferimento agli specifici trattamenti dei tuoi dati personali da parte di Mcquadroconceria.it. Le modalit\u00e0 per esercitarli sono:<br \/>&#8211; Accedere ai tuoi dati e modificarli. Hai diritto ad accedere ai tuoi dati personali e di chiedere che siano corretti, modificati o integrati con altre informazioni. Se lo desideri, ti forniremo una copia dei tuoi dati in nostro possesso.<br \/>&#8211; Revocare il tuo consenso. Puoi revocare in qualsiasi momento un consenso che hai prestato per il trattamento dei tuoi dati personali in relazione a qualsiasi attivit\u00e0 con finalit\u00e0 di marketing. A tal riguardo, ti ricordiamo che sono considerate attivit\u00e0 di marketing l\u2019invio di comunicazioni commerciali e promozionali, lo svolgimento di ricerche di mercato e di indagini per la rilevazione della soddisfazione per la personalizzazione del sito web e delle offerte commerciali in base ai tuoi interessi. Ricevuta la tua richiesta sar\u00e0 nostra cura cessare tempestivamente il trattamento dei tuoi dati personali che risulti basato su tale consenso, mentre trattamenti diversi o basati su altri presupposti continueranno ad essere svolti nel pieno rispetto delle disposizioni vigenti.<br \/>&#8211; Opporsi al trattamento dei tuoi dati. Hai il diritto di opporti in qualsiasi momento al trattamento dei tuoi dati personali effettuato sulla base di un nostro legittimo interesse, spiegandoci i motivi che giustificano la tua richiesta; prima di accoglierla, Mcquadroconceria.it dovr\u00e0 valutare i motivi della tua richiesta.<br \/>&#8211; Cancellare i tuoi dati. Nei casi previsti dalla normativa vigente, puoi chiedere la cancellazione dei tuoi dati personali. Ricevuta e vagliata la tua richiesta, se legittima, sar\u00e0 nostra cura cessare tempestivamente il trattamento e cancellare i tuoi dati personali.<br \/>&#8211; Chiedere che il trattamento dei tuoi dati personali sia temporaneamente limitato. In tale ipotesi Mcquadroconceria.it continuer\u00e0 a conservare i tuoi dati personali ma non li tratter\u00e0, salvo tua diversa richiesta o salvo eccezioni previste dalla legge. Puoi ottenere la limitazione del trattamento quando contesti l\u2019esattezza dei tuoi dati personali, quando il trattamento \u00e8 illecito ma ti opponi alla cancellazione dei tuoi dati, quando i tuoi dati non ci servono pi\u00f9 ma ne hai bisogno per esercitare un tuo diritto in sede giudiziaria, quando ti opponi al trattamento, nel periodo in cui noi valutiamo i motivi della tua richiesta.<br \/>&#8211; Richiedere i tuoi dati o trasferirli a un soggetto diverso da Mcquadroconceria.it (\u201cdiritto alla portabilit\u00e0 dei dati\u201d). Puoi chiedere di ricevere i tuoi dati che noi trattiamo in base a un tuo consenso o in base a un contratto con te in un formato standard. Se lo desideri, laddove tecnicamente possibile, potremo su tua richiesta trasferire i tuoi dati direttamente ad un soggetto terzo da te indicatoci.<br \/>Al fine di esercitare alcuni dei tuoi diritti sopra descritti puoi contattarci chiamando il numero +39 0825 581641 o scrivendo al Titolare del trattamento sopraindicato specificando come oggetto \u201cprivacy\u201d.<br \/>Per garantire che i dati dei nostri utenti non subiscano violazioni o utilizzi illegittimi da parte di terzi, prima di accogliere una tua richiesta di esercizio di uno dei diritti indicati, ti chiederemo alcune informazioni per essere certi della tua identit\u00e0.<br \/><strong>9. Misure di sicurezza<\/strong><br \/>Proteggiamo i tuoi dati personali con specifiche misure di sicurezza tecniche e organizzative, volte a prevenire che i tuoi dati personali possano essere utilizzati in maniera illegittima o fraudolenta. In particolare, utilizziamo misure di sicurezza che garantiscono la riservatezza, l\u2019integrit\u00e0, la disponibilit\u00e0 dei tuoi dati, la resilienza dei sistemi e dei servizi che li elaborano e la capacit\u00e0 di ripristinare i dati in caso di data breach. Inoltre Mcquadroconceria.it s\u2019impegna a testare, verificare e valutare regolarmente l&#8217;efficacia delle misure tecniche e organizzative al fine di garantire il miglioramento continuo nella sicurezza dei trattamenti.<\/p>\n<p><\/p>\n<p><strong>10. Reclami<\/strong><br \/>Se ritieni che il trattamento dei tuoi dati personali sia stato svolto illegittimamente, puoi proporre un reclamo a una delle autorit\u00e0 di controllo competenti per il rispetto delle norme in materia di protezione dei dati personali.<br \/>In Italia, il reclamo pu\u00f2 essere presentato al Garante per la Protezione dei Dati Personali.<br \/>Maggiori informazioni sulle modalit\u00e0 di presentazione sono disponibili sul sito del Garante, (<a href=\"http:\/\/www.garanteprivacy.it\/\">http:\/\/www.garanteprivacy.it<\/a>).<\/p>\n<p><\/p>\n<p><strong>11. Modifiche alla presente informativa<\/strong><br \/>La costante evoluzione dei nostri servizi pu\u00f2 comportare modifiche nelle caratteristiche del trattamento dei tuoi dati personali fin qui descritto. Di conseguenza questa informativa privacy potr\u00e0 subire modifiche e integrazioni nel corso del tempo, le quali potrebbero anche essere necessarie in riferimento a nuovi interventi normativi in materia di protezione dei dati personali.<br \/>Ti invitiamo, pertanto, a verificarne periodicamente i contenuti: se possibile, cercheremo di informarti tempestivamente sulle modifiche apportate e sulle loro conseguenze.<br \/>La versione aggiornata dell\u2019informativa privacy, in ogni caso, sar\u00e0 pubblicata in questa pagina, con indicazione della data del suo ultimo aggiornamento.<\/p>\n<p><\/p>\n<p><strong>12. Riferimenti legislativi e link utili<\/strong><br \/>Il trattamento dei tuoi dati personali viene svolto da Mcquadroconceria.it nel pieno rispetto della disciplina in materia prevista dal Regolamento (UE) 2016\/679 regolamento generale sulla protezione dei dati, delle norme in materia di trattamento dei dati personali italiane e dei provvedimenti della Autorit\u00e0 di controllo italiana (http:\/\/www.garanteprivacy.it).<\/p>\n<p><\/p>\n<p class=\"has-text-align-right\">Ultimo aggiornamento: 04\/04\/2024<\/p>\n<p><\/p>\t\t\t\t\t\t\t\t<\/div>\n\t\t\t\t<\/div>\n\t\t\t\t\t<\/div>\n\t\t\t\t<\/div>\n\t\t\t\t<\/div>\n\t\t","protected":false},"excerpt":{"rendered":"<p>Privacy policy Benvenuto sul nostro sito web Mcquadroconceria.it (il Sito).Per noi la tua privacy e la sicurezza dei tuoi dati personali sono molto importanti, per questo raccogliamo e gestiamo i tuoi dati personali con la massima attenzione e adottiamo misure specifiche per tenerli al sicuro.Di seguito trovi la nostra \u201cPrivacy policy\u201d che contiene informazioni dettagliate [&hellip;]<\/p>\n","protected":false},"author":3,"featured_media":0,"parent":0,"menu_order":0,"comment_status":"closed","ping_status":"closed","template":"","meta":{"site-sidebar-layout":"default","site-content-layout":"","ast-site-content-layout":"default","site-content-style":"default","site-sidebar-style":"default","ast-global-header-display":"","ast-banner-title-visibility":"","ast-main-header-display":"","ast-hfb-above-header-display":"","ast-hfb-below-header-display":"","ast-hfb-mobile-header-display":"","site-post-title":"","ast-breadcrumbs-content":"","ast-featured-img":"","footer-sml-layout":"","theme-transparent-header-meta":"disabled","adv-header-id-meta":"","stick-header-meta":"","header-above-stick-meta":"","header-main-stick-meta":"","header-below-stick-meta":"","astra-migrate-meta-layouts":"set","ast-page-background-enabled":"default","ast-page-background-meta":{"desktop":{"background-color":"var(--ast-global-color-4)","background-image":"","background-repeat":"repeat","background-position":"center center","background-size":"auto","background-attachment":"scroll","background-type":"","background-media":"","overlay-type":"","overlay-color":"","overlay-opacity":"","overlay-gradient":""},"tablet":{"background-color":"","background-image":"","background-repeat":"repeat","background-position":"center center","background-size":"auto","background-attachment":"scroll","background-type":"","background-media":"","overlay-type":"","overlay-color":"","overlay-opacity":"","overlay-gradient":""},"mobile":{"background-color":"","background-image":"","background-repeat":"repeat","background-position":"center center","background-size":"auto","background-attachment":"scroll","background-type":"","background-media":"","overlay-type":"","overlay-color":"","overlay-opacity":"","overlay-gradient":""}},"ast-content-background-meta":{"desktop":{"background-color":"var(--ast-global-color-5)","background-image":"","background-repeat":"repeat","background-position":"center center","background-size":"auto","background-attachment":"scroll","background-type":"","background-media":"","overlay-type":"","overlay-color":"","overlay-opacity":"","overlay-gradient":""},"tablet":{"background-color":"var(--ast-global-color-5)","background-image":"","background-repeat":"repeat","background-position":"center center","background-size":"auto","background-attachment":"scroll","background-type":"","background-media":"","overlay-type":"","overlay-color":"","overlay-opacity":"","overlay-gradient":""},"mobile":{"background-color":"var(--ast-global-color-5)","background-image":"","background-repeat":"repeat","background-position":"center center","background-size":"auto","background-attachment":"scroll","background-type":"","background-media":"","overlay-type":"","overlay-color":"","overlay-opacity":"","overlay-gradient":""}},"footnotes":""},"class_list":["post-1290","page","type-page","status-publish","hentry"],"_links":{"self":[{"href":"https:\/\/www.mcquadroconceria.it\/it\/wp-json\/wp\/v2\/pages\/1290","targetHints":{"allow":["GET"]}}],"collection":[{"href":"https:\/\/www.mcquadroconceria.it\/it\/wp-json\/wp\/v2\/pages"}],"about":[{"href":"https:\/\/www.mcquadroconceria.it\/it\/wp-json\/wp\/v2\/types\/page"}],"author":[{"embeddable":true,"href":"https:\/\/www.mcquadroconceria.it\/it\/wp-json\/wp\/v2\/users\/3"}],"replies":[{"embeddable":true,"href":"https:\/\/www.mcquadroconceria.it\/it\/wp-json\/wp\/v2\/comments?post=1290"}],"version-history":[{"count":1,"href":"https:\/\/www.mcquadroconceria.it\/it\/wp-json\/wp\/v2\/pages\/1290\/revisions"}],"predecessor-version":[{"id":2235,"href":"https:\/\/www.mcquadroconceria.it\/it\/wp-json\/wp\/v2\/pages\/1290\/revisions\/2235"}],"wp:attachment":[{"href":"https:\/\/www.mcquadroconceria.it\/it\/wp-json\/wp\/v2\/media?parent=1290"}],"curies":[{"name":"wp","href":"https:\/\/api.w.org\/{rel}","templated":true}]}}